{"id":153,"date":"2021-02-22T06:10:55","date_gmt":"2021-02-22T06:10:55","guid":{"rendered":"https:\/\/www.tfcturkiye.com\/project\/"},"modified":"2025-02-20T14:35:17","modified_gmt":"2025-02-20T14:35:17","slug":"services","status":"publish","type":"page","link":"https:\/\/www.tfcturkiye.com\/tr\/services\/","title":{"rendered":"Hizmetlerimiz"},"content":{"rendered":"<div data-elementor-type=\"wp-page\" data-elementor-id=\"153\" class=\"elementor elementor-153\">\n\t\t\t\t<div class=\"elementor-element elementor-element-8f7794f e-flex e-con-boxed e-con e-parent\" data-id=\"8f7794f\" data-element_type=\"container\">\n\t\t\t\t\t<div class=\"e-con-inner\">\n\t\t<div class=\"elementor-element elementor-element-ff466e5 e-con-full e-flex e-con e-child\" data-id=\"ff466e5\" data-element_type=\"container\">\n\t\t\t\t<div class=\"elementor-element elementor-element-bd46819 aux-appear-watch-animation aux-slide-from-bot elementor-widget elementor-widget-heading\" data-id=\"bd46819\" data-element_type=\"widget\" data-widget_type=\"heading.default\">\n\t\t\t\t<div class=\"elementor-widget-container\">\n\t\t\t\t\t<h1 class=\"elementor-heading-title elementor-size-default\">Hizmetlerimiz<\/h1>\t\t\t\t<\/div>\n\t\t\t\t<\/div>\n\t\t\t\t<div class=\"elementor-element elementor-element-f7cc036 elementor-widget elementor-widget-aux_recent_portfolios_grid\" data-id=\"f7cc036\" data-element_type=\"widget\" data-settings=\"{&quot;columns&quot;:&quot;3&quot;,&quot;columns_tablet&quot;:&quot;2&quot;,&quot;columns_mobile&quot;:&quot;1&quot;}\" data-widget_type=\"aux_recent_portfolios_grid.default\">\n\t\t\t\t<div class=\"elementor-widget-container\">\n\t\t\t\t\t<script>auxinNS(\"auxin.content.loadmore.au4c362206\"); auxin.content.loadmore.au4c362206={\"nonce\":\"5a1a6f8ee3\",\"args\":{\"title\":\"\",\"cat\":[],\"num\":\"\",\"only_posts__in\":\"\",\"include\":\"\",\"exclude\":\"\",\"posts_per_page\":-1,\"offset\":\"\",\"order_by\":\"menu_order date\",\"order\":\"ASC\",\"exclude_without_media\":\"\",\"display_like\":\"\",\"deeplink\":\"no\",\"use_ajax\":\"no\",\"deeplink_slug\":null,\"show_filters\":\"\",\"filter_by\":null,\"filter_style\":null,\"filter_align\":null,\"reveal_transition_duration\":\"600\",\"reveal_between_delay\":\"60\",\"hide_transition_duration\":\"600\",\"hide_between_delay\":\"30\",\"item_style\":\"classic\",\"tile_style_pattern\":\"default\",\"tiles_item_style\":\"overlay\",\"entry_background_color\":\"\",\"entry_border_color\":\"\",\"paginate\":\"\",\"perpage\":null,\"crop\":true,\"display_title\":\"yes\",\"show_info\":\"\",\"display_read_more\":false,\"image_aspect_ratio\":\"0.66\",\"space\":\"30\",\"desktop_cnum\":\"3\",\"tablet_cnum\":\"2\",\"phone_cnum\":\"1\",\"layout\":\"grid\",\"tag\":\"\",\"filter\":\"\",\"extra_classes\":\"\",\"extra_column_classes\":\"\",\"custom_el_id\":\"\",\"template_part_file\":\"recent-portfolio\",\"extra_template_path\":\"\\\/home\\\/tfcturki\\\/public_html\\\/wp-content\\\/plugins\\\/auxin-portfolio\\\/public\\\/templates\\\/elements\",\"universal_id\":\"au4c362206\",\"query_args\":[],\"term\":\"\",\"reset_query\":true,\"wp_query_args\":[],\"custom_wp_query\":\"\",\"loadmore_type\":\"scroll\",\"loadmore_label\":\"text\",\"loadmore_per_page\":12,\"term_field\":\"slug\",\"paged\":\"\",\"override_global_query\":false,\"content\":null,\"skip_wrappers\":true,\"content_width\":2000,\"inview_transition\":\"none\",\"inview_duration\":\"\",\"inview_delay\":\"\",\"inview_repeat\":\"no\",\"inview_offset\":\"\",\"called_from\":\"elementor\"},\"handler\":\"aux_recent_portfolios_grid\",\"per_page\":12};<\/script><section class=\"widget-container aux-ajax-type-scroll aux-widget-recent-portfolios aux-parent-au4c362206\"><div id=\"69e4e72c19f78\" data-element-id=\"au4c362206\" class=\"aux-portfolio-columns aux-ajax-view aux-isotope-animated aux-isotope-layout aux-layout-grid aux-no-gutter aux-row aux-match-height aux-de-col3 aux-tb-col2 aux-mb-col1\" data-lazyload=\"true\" data-space=\"30\" data-pagination=\"false\" data-deeplink=\"true\" data-slug=\"\" data-perpage=\"\" data-layout=\"fitRows\" data-reveal-transition-duration=\"600\" data-reveal-between-delay=\"60\" data-hide-transition-duration=\"600\" data-hide-between-delay=\"30\" data-num=\"\" data-order=\"ASC\" data-orderby=\"menu_order date\" data-taxonomy=\"\" data-n=\"c3930ce903\"><div class=\"aux-items-loading aux-loading-hide\"><div class=\"aux-loading-loop\"><svg class=\"aux-circle\" width=\"100%\" height=\"100%\" viewbox=\"0 0 42 42\"><circle class=\"aux-stroke-bg\" r=\"20\" cx=\"21\" cy=\"21\" fill=\"none\"><\/circle><circle class=\"aux-progress\" r=\"20\" cx=\"21\" cy=\"21\" fill=\"none\" transform=\"rotate(-90 21 21)\"><\/circle><\/svg><\/div><\/div><div class=\"aux-iso-item aux-loading aux-col aux-ajax-item\">                        <article class=\"post-156 portfolio type-portfolio status-publish has-post-thumbnail hentry portfolio-cat-all portfolio-tag-uncategorized portfolio-filter-uncategorized\" >\n                            <div class=\"\">\n                                <div class=\"entry-media\">\n                                    <div class=\"aux-media-frame aux-media-image\"><a href=\"https:\/\/www.tfcturkiye.com\/tr\/services\/property-investment\/\"><img fetchpriority=\"high\" width=\"606\" height=\"400\" class=\"aux-attachment aux-featured-image attachment-606.66666666667x400.4 aux-attachment-id-1229\" alt=\"ChatGPT Image Apr 11, 2026, 03_22_41 PM\" data-ratio=\"1.52\" data-original-w=\"1024\" sizes=\"auto\" data-srcset=\"https:\/\/www.tfcturkiye.com\/wp-content\/uploads\/2021\/02\/ChatGPT-Image-Apr-11-2026-03_22_41-PM-150x99.png 150w,https:\/\/www.tfcturkiye.com\/wp-content\/uploads\/2021\/02\/ChatGPT-Image-Apr-11-2026-03_22_41-PM-300x198.png 300w,https:\/\/www.tfcturkiye.com\/wp-content\/uploads\/2021\/02\/ChatGPT-Image-Apr-11-2026-03_22_41-PM-768x507.png 768w,https:\/\/www.tfcturkiye.com\/wp-content\/uploads\/2021\/02\/ChatGPT-Image-Apr-11-2026-03_22_41-PM.png 607w,https:\/\/www.tfcturkiye.com\/wp-content\/uploads\/2021\/02\/ChatGPT-Image-Apr-11-2026-03_22_41-PM-1014x669.png 1014w\" data-src=\"https:\/\/www.tfcturkiye.com\/wp-content\/uploads\/2021\/02\/ChatGPT-Image-Apr-11-2026-03_22_41-PM.png\" \/><\/a><\/div>                                <\/div>\n\n                                                            <\/div>\n\n                                                        <div class=\"entry-main\">\n\n                                                                <header class=\"entry-header\">\n                                    <h3 class=\"entry-title\">\n                                        <a href=\"https:\/\/www.tfcturkiye.com\/tr\/services\/property-investment\/\">\n                                            Gayrimenkul Yat\u0131r\u0131m\u0131                                        <\/a>\n                                    <\/h3>\n                                <\/header>\n                                                                                                                                                            <\/div>\n                            \n                        <\/article>\n<\/div><div class=\"aux-iso-item aux-loading aux-col aux-ajax-item\">                        <article class=\"post-161 portfolio type-portfolio status-publish has-post-thumbnail hentry portfolio-cat-all portfolio-tag-uncategorized portfolio-filter-uncategorized\" >\n                            <div class=\"\">\n                                <div class=\"entry-media\">\n                                    <div class=\"aux-media-frame aux-media-image\"><a href=\"https:\/\/www.tfcturkiye.com\/tr\/services\/short-term-renting\/\"><img width=\"606\" height=\"400\" class=\"aux-attachment aux-featured-image attachment-606.66666666667x400.4 aux-attachment-id-1233\" alt=\"short-term-renting-airbnb-management-istanbul-turkiye\" data-ratio=\"1.52\" data-original-w=\"900\" sizes=\"auto\" data-srcset=\"https:\/\/www.tfcturkiye.com\/wp-content\/uploads\/2021\/02\/short-term-renting-airbnb-management-istanbul-turkiye-1-150x99.png 150w,https:\/\/www.tfcturkiye.com\/wp-content\/uploads\/2021\/02\/short-term-renting-airbnb-management-istanbul-turkiye-1-300x198.png 300w,https:\/\/www.tfcturkiye.com\/wp-content\/uploads\/2021\/02\/short-term-renting-airbnb-management-istanbul-turkiye-1-768x507.png 768w,https:\/\/www.tfcturkiye.com\/wp-content\/uploads\/2021\/02\/short-term-renting-airbnb-management-istanbul-turkiye-1.png 607w,https:\/\/www.tfcturkiye.com\/wp-content\/uploads\/2021\/02\/short-term-renting-airbnb-management-istanbul-turkiye-1-890x587.png 890w\" data-src=\"https:\/\/www.tfcturkiye.com\/wp-content\/uploads\/2021\/02\/short-term-renting-airbnb-management-istanbul-turkiye-1.png\" \/><\/a><\/div>                                <\/div>\n\n                                                            <\/div>\n\n                                                        <div class=\"entry-main\">\n\n                                                                <header class=\"entry-header\">\n                                    <h3 class=\"entry-title\">\n                                        <a href=\"https:\/\/www.tfcturkiye.com\/tr\/services\/short-term-renting\/\">\n                                            K\u0131sa D\u00f6nem Kiralama                                        <\/a>\n                                    <\/h3>\n                                <\/header>\n                                                                                                                                                            <\/div>\n                            \n                        <\/article>\n<\/div><div class=\"aux-iso-item aux-loading aux-col aux-ajax-item\">                        <article class=\"post-158 portfolio type-portfolio status-publish has-post-thumbnail hentry portfolio-cat-all portfolio-tag-uncategorized portfolio-filter-uncategorized\" >\n                            <div class=\"\">\n                                <div class=\"entry-media\">\n                                    <div class=\"aux-media-frame aux-media-image\"><a href=\"https:\/\/www.tfcturkiye.com\/tr\/services\/property-management\/\"><img width=\"606\" height=\"400\" class=\"aux-attachment aux-featured-image attachment-606.66666666667x400.4 aux-attachment-id-855\" alt=\"tfc-turkiye-istanbul-property-management-firm\" data-ratio=\"1.52\" data-original-w=\"1536\" sizes=\"auto\" data-srcset=\"https:\/\/www.tfcturkiye.com\/wp-content\/uploads\/2021\/02\/tfc-turkiye-istanbul-property-management-firm-150x99.png 150w,https:\/\/www.tfcturkiye.com\/wp-content\/uploads\/2021\/02\/tfc-turkiye-istanbul-property-management-firm-300x198.png 300w,https:\/\/www.tfcturkiye.com\/wp-content\/uploads\/2021\/02\/tfc-turkiye-istanbul-property-management-firm-768x507.png 768w,https:\/\/www.tfcturkiye.com\/wp-content\/uploads\/2021\/02\/tfc-turkiye-istanbul-property-management-firm-1024x676.png 1024w,https:\/\/www.tfcturkiye.com\/wp-content\/uploads\/2021\/02\/tfc-turkiye-istanbul-property-management-firm.png 607w,https:\/\/www.tfcturkiye.com\/wp-content\/uploads\/2021\/02\/tfc-turkiye-istanbul-property-management-firm-1526x1007.png 1526w\" data-src=\"https:\/\/www.tfcturkiye.com\/wp-content\/uploads\/2021\/02\/tfc-turkiye-istanbul-property-management-firm.png\" \/><\/a><\/div>                                <\/div>\n\n                                                            <\/div>\n\n                                                        <div class=\"entry-main\">\n\n                                                                <header class=\"entry-header\">\n                                    <h3 class=\"entry-title\">\n                                        <a href=\"https:\/\/www.tfcturkiye.com\/tr\/services\/property-management\/\">\n                                            Gayrimenkul Y\u00f6netimi                                        <\/a>\n                                    <\/h3>\n                                <\/header>\n                                                                                                                                                            <\/div>\n                            \n                        <\/article>\n<\/div><div class=\"aux-iso-item aux-loading aux-col aux-ajax-item\">                        <article class=\"post-157 portfolio type-portfolio status-publish has-post-thumbnail hentry portfolio-cat-all portfolio-tag-uncategorized portfolio-filter-uncategorized\" >\n                            <div class=\"\">\n                                <div class=\"entry-media\">\n                                    <div class=\"aux-media-frame aux-media-image\"><a href=\"https:\/\/www.tfcturkiye.com\/tr\/services\/turkish-citizenship\/\"><img loading=\"lazy\" width=\"606\" height=\"400\" class=\"aux-attachment aux-featured-image attachment-606.66666666667x400.4 aux-attachment-id-1208\" alt=\"ChatGPT Image Apr 10, 2026, 05_59_13 PM\" data-ratio=\"1.52\" data-original-w=\"1024\" sizes=\"auto\" data-srcset=\"https:\/\/www.tfcturkiye.com\/wp-content\/uploads\/2021\/02\/ChatGPT-Image-Apr-10-2026-05_59_13-PM-150x99.png 150w,https:\/\/www.tfcturkiye.com\/wp-content\/uploads\/2021\/02\/ChatGPT-Image-Apr-10-2026-05_59_13-PM-300x198.png 300w,https:\/\/www.tfcturkiye.com\/wp-content\/uploads\/2021\/02\/ChatGPT-Image-Apr-10-2026-05_59_13-PM-768x507.png 768w,https:\/\/www.tfcturkiye.com\/wp-content\/uploads\/2021\/02\/ChatGPT-Image-Apr-10-2026-05_59_13-PM.png 607w,https:\/\/www.tfcturkiye.com\/wp-content\/uploads\/2021\/02\/ChatGPT-Image-Apr-10-2026-05_59_13-PM-1014x669.png 1014w\" data-src=\"https:\/\/www.tfcturkiye.com\/wp-content\/uploads\/2021\/02\/ChatGPT-Image-Apr-10-2026-05_59_13-PM.png\" \/><\/a><\/div>                                <\/div>\n\n                                                            <\/div>\n\n                                                        <div class=\"entry-main\">\n\n                                                                <header class=\"entry-header\">\n                                    <h3 class=\"entry-title\">\n                                        <a href=\"https:\/\/www.tfcturkiye.com\/tr\/services\/turkish-citizenship\/\">\n                                            T\u00fcrk Vatanda\u015fl\u0131\u011f\u0131                                        <\/a>\n                                    <\/h3>\n                                <\/header>\n                                                                                                                                                            <\/div>\n                            \n                        <\/article>\n<\/div><div class=\"aux-iso-item aux-loading aux-col aux-ajax-item\">                        <article class=\"post-160 portfolio type-portfolio status-publish has-post-thumbnail hentry portfolio-cat-all portfolio-tag-uncategorized portfolio-filter-uncategorized\" >\n                            <div class=\"\">\n                                <div class=\"entry-media\">\n                                    <div class=\"aux-media-frame aux-media-image\"><a href=\"https:\/\/www.tfcturkiye.com\/tr\/services\/turkish-residency\/\"><img loading=\"lazy\" width=\"606\" height=\"400\" class=\"aux-attachment aux-featured-image attachment-606.66666666667x400.4 aux-attachment-id-816\" alt=\"tfc-turkiye-turkish-residency-consultancy\" data-ratio=\"1.52\" data-original-w=\"1536\" sizes=\"auto\" data-srcset=\"https:\/\/www.tfcturkiye.com\/wp-content\/uploads\/2021\/02\/tfc-turkiye-turkish-residency-consultancy-150x99.png 150w,https:\/\/www.tfcturkiye.com\/wp-content\/uploads\/2021\/02\/tfc-turkiye-turkish-residency-consultancy-300x198.png 300w,https:\/\/www.tfcturkiye.com\/wp-content\/uploads\/2021\/02\/tfc-turkiye-turkish-residency-consultancy-768x507.png 768w,https:\/\/www.tfcturkiye.com\/wp-content\/uploads\/2021\/02\/tfc-turkiye-turkish-residency-consultancy-1024x676.png 1024w,https:\/\/www.tfcturkiye.com\/wp-content\/uploads\/2021\/02\/tfc-turkiye-turkish-residency-consultancy.png 607w,https:\/\/www.tfcturkiye.com\/wp-content\/uploads\/2021\/02\/tfc-turkiye-turkish-residency-consultancy-1526x1007.png 1526w\" data-src=\"https:\/\/www.tfcturkiye.com\/wp-content\/uploads\/2021\/02\/tfc-turkiye-turkish-residency-consultancy.png\" \/><\/a><\/div>                                <\/div>\n\n                                                            <\/div>\n\n                                                        <div class=\"entry-main\">\n\n                                                                <header class=\"entry-header\">\n                                    <h3 class=\"entry-title\">\n                                        <a href=\"https:\/\/www.tfcturkiye.com\/tr\/services\/turkish-residency\/\">\n                                            T\u00fcrkiye Oturum Dan\u0131\u015fmanl\u0131\u011f\u0131                                        <\/a>\n                                    <\/h3>\n                                <\/header>\n                                                                                                                                                            <\/div>\n                            \n                        <\/article>\n<\/div><div class=\"aux-iso-item aux-loading aux-col aux-ajax-item\">                        <article class=\"post-159 portfolio type-portfolio status-publish has-post-thumbnail hentry portfolio-cat-all portfolio-tag-uncategorized portfolio-filter-uncategorized\" >\n                            <div class=\"\">\n                                <div class=\"entry-media\">\n                                    <div class=\"aux-media-frame aux-media-image\"><a href=\"https:\/\/www.tfcturkiye.com\/tr\/services\/property-selling\/\"><img loading=\"lazy\" width=\"606\" height=\"400\" class=\"aux-attachment aux-featured-image attachment-606.66666666667x400.4 aux-attachment-id-1205\" alt=\"ChatGPT Image Apr 10, 2026, 05_34_29 PM\" data-ratio=\"1.52\" data-original-w=\"1024\" sizes=\"auto\" data-srcset=\"https:\/\/www.tfcturkiye.com\/wp-content\/uploads\/2021\/02\/ChatGPT-Image-Apr-10-2026-05_34_29-PM-150x99.png 150w,https:\/\/www.tfcturkiye.com\/wp-content\/uploads\/2021\/02\/ChatGPT-Image-Apr-10-2026-05_34_29-PM-300x198.png 300w,https:\/\/www.tfcturkiye.com\/wp-content\/uploads\/2021\/02\/ChatGPT-Image-Apr-10-2026-05_34_29-PM-768x507.png 768w,https:\/\/www.tfcturkiye.com\/wp-content\/uploads\/2021\/02\/ChatGPT-Image-Apr-10-2026-05_34_29-PM.png 607w,https:\/\/www.tfcturkiye.com\/wp-content\/uploads\/2021\/02\/ChatGPT-Image-Apr-10-2026-05_34_29-PM-1014x669.png 1014w\" data-src=\"https:\/\/www.tfcturkiye.com\/wp-content\/uploads\/2021\/02\/ChatGPT-Image-Apr-10-2026-05_34_29-PM.png\" \/><\/a><\/div>                                <\/div>\n\n                                                            <\/div>\n\n                                                        <div class=\"entry-main\">\n\n                                                                <header class=\"entry-header\">\n                                    <h3 class=\"entry-title\">\n                                        <a href=\"https:\/\/www.tfcturkiye.com\/tr\/services\/property-selling\/\">\n                                            Gayrimenkul Sat\u0131\u015f\u0131                                        <\/a>\n                                    <\/h3>\n                                <\/header>\n                                                                                                                                                            <\/div>\n                            \n                        <\/article>\n<\/div><\/div><script type=\"text\/javascript\">var au4c362206AjaxConfig = {\"title\":\"\",\"cat\":[],\"num\":\"\",\"only_posts__in\":\"\",\"include\":\"\",\"exclude\":\"\",\"posts_per_page\":-1,\"offset\":\"\",\"order_by\":\"menu_order date\",\"order\":\"ASC\",\"exclude_without_media\":\"\",\"display_like\":\"\",\"deeplink\":\"no\",\"use_ajax\":\"no\",\"deeplink_slug\":null,\"show_filters\":\"\",\"filter_by\":null,\"filter_style\":null,\"filter_align\":null,\"reveal_transition_duration\":\"600\",\"reveal_between_delay\":\"60\",\"hide_transition_duration\":\"600\",\"hide_between_delay\":\"30\",\"item_style\":\"classic\",\"tile_style_pattern\":\"default\",\"tiles_item_style\":\"overlay\",\"entry_background_color\":\"\",\"entry_border_color\":\"\",\"paginate\":\"\",\"perpage\":null,\"crop\":true,\"display_title\":\"yes\",\"show_info\":\"\",\"display_read_more\":false,\"image_aspect_ratio\":\"0.66\",\"space\":\"30\",\"desktop_cnum\":\"3\",\"tablet_cnum\":\"2\",\"phone_cnum\":\"1\",\"layout\":\"grid\",\"tag\":\"\",\"filter\":\"\",\"extra_classes\":\"\",\"extra_column_classes\":\"\",\"custom_el_id\":\"\",\"template_part_file\":\"recent-portfolio\",\"extra_template_path\":\"\\\/home\\\/tfcturki\\\/public_html\\\/wp-content\\\/plugins\\\/auxin-portfolio\\\/public\\\/templates\\\/elements\",\"universal_id\":\"au4c362206\",\"query_args\":[],\"term\":\"\",\"reset_query\":true,\"use_wp_query\":false,\"wp_query_args\":[],\"custom_wp_query\":\"\",\"loadmore_type\":\"scroll\",\"loadmore_label\":\"text\",\"loadmore_per_page\":12,\"term_field\":\"slug\",\"base\":\"aux_recent_portfolios_grid\",\"base_class\":\"aux-widget-recent-portfolios\",\"paged\":\"\",\"override_global_query\":false,\"content\":null,\"skip_wrappers\":false,\"content_width\":2000,\"inview_transition\":\"none\",\"inview_duration\":\"\",\"inview_delay\":\"\",\"inview_repeat\":\"no\",\"inview_offset\":\"\",\"called_from\":\"elementor\"};<\/script><\/section><!-- widget-container -->\t\t\t\t<\/div>\n\t\t\t\t<\/div>\n\t\t\t\t<\/div>\n\t\t\t\t\t<\/div>\n\t\t\t\t<\/div>\n\t\t\t\t<\/div>","protected":false},"excerpt":{"rendered":"<p>Our Services Property Investment Property Management Turkish Citizenship Property Sell Short-Term Renting Turkish Residency<\/p>","protected":false},"author":1,"featured_media":0,"parent":0,"menu_order":0,"comment_status":"closed","ping_status":"closed","template":"templates\/page-builder-content.php","meta":{"footnotes":""},"class_list":["post-153","page","type-page","status-publish","hentry"],"_links":{"self":[{"href":"https:\/\/www.tfcturkiye.com\/tr\/wp-json\/wp\/v2\/pages\/153","targetHints":{"allow":["GET"]}}],"collection":[{"href":"https:\/\/www.tfcturkiye.com\/tr\/wp-json\/wp\/v2\/pages"}],"about":[{"href":"https:\/\/www.tfcturkiye.com\/tr\/wp-json\/wp\/v2\/types\/page"}],"author":[{"embeddable":true,"href":"https:\/\/www.tfcturkiye.com\/tr\/wp-json\/wp\/v2\/users\/1"}],"replies":[{"embeddable":true,"href":"https:\/\/www.tfcturkiye.com\/tr\/wp-json\/wp\/v2\/comments?post=153"}],"version-history":[{"count":37,"href":"https:\/\/www.tfcturkiye.com\/tr\/wp-json\/wp\/v2\/pages\/153\/revisions"}],"predecessor-version":[{"id":480,"href":"https:\/\/www.tfcturkiye.com\/tr\/wp-json\/wp\/v2\/pages\/153\/revisions\/480"}],"wp:attachment":[{"href":"https:\/\/www.tfcturkiye.com\/tr\/wp-json\/wp\/v2\/media?parent=153"}],"curies":[{"name":"wp","href":"https:\/\/api.w.org\/{rel}","templated":true}]}}